{"id":51,"date":"2025-08-12T16:49:04","date_gmt":"2025-08-12T14:49:04","guid":{"rendered":"https:\/\/akogee.com\/?page_id=51"},"modified":"2025-09-24T09:56:59","modified_gmt":"2025-09-24T07:56:59","slug":"bienvenue-en-akogee","status":"publish","type":"page","link":"https:\/\/akogee.com\/","title":{"rendered":"Lis nos webtoons :"},"content":{"rendered":"\n<figure class=\"wp-block-image size-large\"><a href=\"https:\/\/www.webtoons.com\/fr\/fantasy\/ouros\/list?title_no=8733\"><img loading=\"lazy\" decoding=\"async\" width=\"808\" height=\"1024\" src=\"http:\/\/akogee.com\/wp-content\/uploads\/2025\/09\/2025_OUROS_poster_Naver_FINAL01_Icon-808x1024.png\" alt=\"\" class=\"wp-image-163\" srcset=\"https:\/\/akogee.com\/wp-content\/uploads\/2025\/09\/2025_OUROS_poster_Naver_FINAL01_Icon-808x1024.png 808w, https:\/\/akogee.com\/wp-content\/uploads\/2025\/09\/2025_OUROS_poster_Naver_FINAL01_Icon-237x300.png 237w, https:\/\/akogee.com\/wp-content\/uploads\/2025\/09\/2025_OUROS_poster_Naver_FINAL01_Icon-768x973.png 768w, https:\/\/akogee.com\/wp-content\/uploads\/2025\/09\/2025_OUROS_poster_Naver_FINAL01_Icon-1213x1536.png 1213w, https:\/\/akogee.com\/wp-content\/uploads\/2025\/09\/2025_OUROS_poster_Naver_FINAL01_Icon.png 1500w\" sizes=\"auto, (max-width: 808px) 100vw, 808px\" \/><\/a><\/figure>\n\n\n\n<figure class=\"wp-block-image size-large\"><a href=\"https:\/\/www.webtoons.com\/fr\/canvas\/samourawaii\/list?title_no=1066197\"><img loading=\"lazy\" decoding=\"async\" width=\"1024\" height=\"576\" src=\"https:\/\/akogee.com\/wp-content\/uploads\/2025\/09\/SAMOURAWAII-CTA-cover-1024x576.png\" alt=\"\" class=\"wp-image-153\" srcset=\"https:\/\/akogee.com\/wp-content\/uploads\/2025\/09\/SAMOURAWAII-CTA-cover-1024x576.png 1024w, https:\/\/akogee.com\/wp-content\/uploads\/2025\/09\/SAMOURAWAII-CTA-cover-300x169.png 300w, https:\/\/akogee.com\/wp-content\/uploads\/2025\/09\/SAMOURAWAII-CTA-cover-768x432.png 768w, https:\/\/akogee.com\/wp-content\/uploads\/2025\/09\/SAMOURAWAII-CTA-cover.png 1280w\" sizes=\"auto, (max-width: 1024px) 100vw, 1024px\" \/><\/a><\/figure>\n\n\n\n<h2 class=\"wp-block-heading\">Un mot des auteurs :<\/h2>\n\n\n\n<div class=\"wp-block-group has-global-padding is-layout-constrained wp-block-group-is-layout-constrained\">\n<div class=\"wp-block-media-text is-stacked-on-mobile\" style=\"grid-template-columns:46% auto\"><figure class=\"wp-block-media-text__media\"><img loading=\"lazy\" decoding=\"async\" width=\"1024\" height=\"902\" src=\"http:\/\/akogee.com\/wp-content\/uploads\/2025\/08\/Joss-et-Boky-e1757068777725-1024x902.jpg\" alt=\"\" class=\"wp-image-44 size-full\" srcset=\"https:\/\/akogee.com\/wp-content\/uploads\/2025\/08\/Joss-et-Boky-e1757068777725-1024x902.jpg 1024w, https:\/\/akogee.com\/wp-content\/uploads\/2025\/08\/Joss-et-Boky-e1757068777725-300x264.jpg 300w, https:\/\/akogee.com\/wp-content\/uploads\/2025\/08\/Joss-et-Boky-e1757068777725-768x676.jpg 768w, https:\/\/akogee.com\/wp-content\/uploads\/2025\/08\/Joss-et-Boky-e1757068777725.jpg 1207w\" sizes=\"auto, (max-width: 1024px) 100vw, 1024px\" \/><\/figure><div class=\"wp-block-media-text__content\">\n<blockquote class=\"wp-block-quote has-text-align-left is-layout-flow wp-block-quote-is-layout-flow\">\n<p class=\"is-style-text-annotation is-style-text-annotation--1\"><strong>\u00ab\u00a0Samourawaii<\/strong> raconte l\u2019union inattendue de jeunes issus de communaut\u00e9s rivales, confront\u00e9s au r\u00e9veil d\u2019une arme l\u00e9gendaire terrifiante sur le point de bouleverser leur monde&#8230; <strong>Bienvenue en Akog\u00e9e !<\/strong> Bonne lecture, et h\u00e2te de lire vos commentaires !\u00a0\u00bb<\/p>\n<cite>Josswala (sc\u00e9nariste) <br>Boky (dessinateur)<\/cite><\/blockquote>\n<\/div><\/div>\n<\/div>\n\n\n\n<h2 class=\"wp-block-heading\">Rejoins la communaut\u00e9 :<\/h2>\n\n\n\n<figure class=\"wp-block-image size-large\"><a href=\"https:\/\/patreon.com\/Akogee_Studio?utm_medium=unknown&amp;utm_source=join_link&amp;utm_campaign=creatorshare_creator&amp;utm_content=copyLink\"><img loading=\"lazy\" decoding=\"async\" width=\"1024\" height=\"256\" src=\"https:\/\/akogee.com\/wp-content\/uploads\/2025\/09\/Patreon-CTA-banniere-1-1024x256.png\" alt=\"\" class=\"wp-image-152\" srcset=\"https:\/\/akogee.com\/wp-content\/uploads\/2025\/09\/Patreon-CTA-banniere-1-1024x256.png 1024w, https:\/\/akogee.com\/wp-content\/uploads\/2025\/09\/Patreon-CTA-banniere-1-300x75.png 300w, https:\/\/akogee.com\/wp-content\/uploads\/2025\/09\/Patreon-CTA-banniere-1-768x192.png 768w, https:\/\/akogee.com\/wp-content\/uploads\/2025\/09\/Patreon-CTA-banniere-1-1536x384.png 1536w, https:\/\/akogee.com\/wp-content\/uploads\/2025\/09\/Patreon-CTA-banniere-1.png 1600w\" sizes=\"auto, (max-width: 1024px) 100vw, 1024px\" \/><\/a><\/figure>\n\n\n\n<div class=\"wp-block-group alignfull has-background-color has-global-padding is-layout-constrained wp-container-core-group-is-layout-5d2f8bdc wp-block-group-is-layout-constrained\" style=\"margin-top:0;margin-bottom:0;padding-top:var(--wp--preset--spacing--40);padding-right:var(--wp--preset--spacing--30);padding-bottom:var(--wp--preset--spacing--40);padding-left:var(--wp--preset--spacing--30)\">\n<div class=\"wp-block-group alignwide is-content-justification-space-between is-layout-flex wp-container-core-group-is-layout-b585a4aa wp-block-group-is-layout-flex\">\n<div class=\"wp-block-group is-layout-flex wp-block-group-is-layout-flex\"><h1 class=\"wp-block-site-title has-small-font-size\"><a href=\"https:\/\/akogee.com\" target=\"_self\" rel=\"home\">Bienvenue en Akog\u00e9e !<\/a><\/h1><\/div>\n\n\n\n<p class=\"has-small-font-size\">\u00a9 2025 <a href=\"https:\/\/www.akogee.studio\/\">Akog\u00e9e Studio<\/a>, tous droits r\u00e9serv\u00e9s.<\/p>\n<\/div>\n<\/div>\n","protected":false},"excerpt":{"rendered":"<p>Un mot des auteurs : \u00ab\u00a0Samourawaii raconte l\u2019union inattendue de jeunes issus de communaut\u00e9s rivales, confront\u00e9s au r\u00e9veil d\u2019une arme l\u00e9gendaire terrifiante sur le point de bouleverser leur monde&#8230; Bienvenue en Akog\u00e9e ! Bonne lecture, et h\u00e2te de lire vos commentaires !\u00a0\u00bb Rejoins la communaut\u00e9 : \u00a9 2025 Akog\u00e9e Studio, tous droits r\u00e9serv\u00e9s.<\/p>\n","protected":false},"author":1,"featured_media":76,"parent":0,"menu_order":0,"comment_status":"closed","ping_status":"closed","template":"","meta":{"footnotes":""},"class_list":["post-51","page","type-page","status-publish","has-post-thumbnail","hentry"],"_links":{"self":[{"href":"https:\/\/akogee.com\/index.php\/wp-json\/wp\/v2\/pages\/51","targetHints":{"allow":["GET"]}}],"collection":[{"href":"https:\/\/akogee.com\/index.php\/wp-json\/wp\/v2\/pages"}],"about":[{"href":"https:\/\/akogee.com\/index.php\/wp-json\/wp\/v2\/types\/page"}],"author":[{"embeddable":true,"href":"https:\/\/akogee.com\/index.php\/wp-json\/wp\/v2\/users\/1"}],"replies":[{"embeddable":true,"href":"https:\/\/akogee.com\/index.php\/wp-json\/wp\/v2\/comments?post=51"}],"version-history":[{"count":36,"href":"https:\/\/akogee.com\/index.php\/wp-json\/wp\/v2\/pages\/51\/revisions"}],"predecessor-version":[{"id":165,"href":"https:\/\/akogee.com\/index.php\/wp-json\/wp\/v2\/pages\/51\/revisions\/165"}],"wp:featuredmedia":[{"embeddable":true,"href":"https:\/\/akogee.com\/index.php\/wp-json\/wp\/v2\/media\/76"}],"wp:attachment":[{"href":"https:\/\/akogee.com\/index.php\/wp-json\/wp\/v2\/media?parent=51"}],"curies":[{"name":"wp","href":"https:\/\/api.w.org\/{rel}","templated":true}]}}